{"id":6,"date":"2022-12-13T19:47:15","date_gmt":"2022-12-13T19:47:15","guid":{"rendered":"https:\/\/omegasambi.com\/index.php\/home\/"},"modified":"2022-12-15T23:09:58","modified_gmt":"2022-12-15T23:09:58","slug":"home","status":"publish","type":"page","link":"https:\/\/omegasambi.com\/","title":{"rendered":"Mantenimiento y Certificaci\u00f3n de Pozos S\u00e9pticos"},"content":{"rendered":"\n<div class=\"wp-block-media-text alignwide is-stacked-on-mobile\" style=\"grid-template-columns:15% auto\"><figure class=\"wp-block-media-text__media\"><img decoding=\"async\" width=\"193\" height=\"193\" src=\"http:\/\/omegasambi.com\/wp-content\/uploads\/2022\/12\/image-10.png\" alt=\"\" class=\"wp-image-115 size-full\" srcset=\"https:\/\/omegasambi.com\/wp-content\/uploads\/2022\/12\/image-10.png 193w, https:\/\/omegasambi.com\/wp-content\/uploads\/2022\/12\/image-10-150x150.png 150w\" sizes=\"(max-width: 193px) 100vw, 193px\" \/><\/figure><div class=\"wp-block-media-text__content\">\n<p><strong>Pozos s\u00e9pticos y Trampas de grasas.<\/strong><\/p>\n<\/div><\/div>\n\n\n\n<div class=\"wp-block-media-text alignwide is-stacked-on-mobile\" style=\"grid-template-columns:15% auto\"><figure class=\"wp-block-media-text__media\"><img fetchpriority=\"high\" decoding=\"async\" width=\"700\" height=\"700\" src=\"http:\/\/omegasambi.com\/wp-content\/uploads\/2022\/12\/image-7.png\" alt=\"\" class=\"wp-image-112 size-full\" srcset=\"https:\/\/omegasambi.com\/wp-content\/uploads\/2022\/12\/image-7.png 700w, https:\/\/omegasambi.com\/wp-content\/uploads\/2022\/12\/image-7-300x300.png 300w, https:\/\/omegasambi.com\/wp-content\/uploads\/2022\/12\/image-7-150x150.png 150w\" sizes=\"(max-width: 700px) 100vw, 700px\" \/><\/figure><div class=\"wp-block-media-text__content\">\n<p><strong>Lavado, Succi\u00f3n, Limpieza, Ductos,  Gesti\u00f3n y Construcci\u00f3n<\/strong><\/p>\n<\/div><\/div>\n\n\n\n<div class=\"wp-block-media-text alignwide is-stacked-on-mobile\" style=\"grid-template-columns:15% auto\"><figure class=\"wp-block-media-text__media\"><img decoding=\"async\" width=\"193\" height=\"193\" src=\"http:\/\/omegasambi.com\/wp-content\/uploads\/2022\/12\/image-8.png\" alt=\"\" class=\"wp-image-113 size-full\" srcset=\"https:\/\/omegasambi.com\/wp-content\/uploads\/2022\/12\/image-8.png 193w, https:\/\/omegasambi.com\/wp-content\/uploads\/2022\/12\/image-8-150x150.png 150w\" sizes=\"(max-width: 193px) 100vw, 193px\" \/><\/figure><div class=\"wp-block-media-text__content\">\n<p><strong>Aseo y lavado industrial.<\/strong><\/p>\n<\/div><\/div>\n\n\n\n<div class=\"wp-block-media-text alignwide is-stacked-on-mobile\" style=\"grid-template-columns:15% auto\"><figure class=\"wp-block-media-text__media\"><img loading=\"lazy\" decoding=\"async\" width=\"150\" height=\"150\" src=\"http:\/\/omegasambi.com\/wp-content\/uploads\/2022\/12\/image-9.png\" alt=\"\" class=\"wp-image-114 size-full\"\/><\/figure><div class=\"wp-block-media-text__content\">\n<p><strong>Tratamiento, aprovechamiento&nbsp;y&nbsp;disposici\u00f3n final de residuos.<\/strong><\/p>\n<\/div><\/div>\n\n\n            <div class=\"oxi-addons-container noLightbox oxi-image-hover-wrapper-1 \" id=\"oxi-image-hover-wrapper-1\">\r\n                <div class=\"oxi-addons-row\">\r\n                                <div class=\"oxi-image-hover-style oxi-bt-col-lg-12 oxi-bt-col-md-12 oxi-bt-col-sm-12  \" sa-data-animation=\"zoomIn\" sa-data-animation-offset=\"100%\" sa-data-animation-delay=\"0ms\" sa-data-animation-duration=\"1000ms\">\r\n                <div class=\"oxi-image-hover-style-general\">\r\n                    <div class=\"oxi-image-hover oxi-image-general-hover oxi-image-general-hover-style-3 oxi-image-general-hover-1-1\">\r\n                                                    <a  href=\"https:\/\/omegasambi.com\/index.php\/certificacion\/\" target=\"_blank\" rel=\"nofollow\">\r\n                                                            <div class=\"oxi-image-hover-figure left_to_right\">\r\n                                <div class=\"oxi-image-hover-image\">\r\n                                    <img decoding=\"async\" src=\"http:\/\/omegasambi.com\/wp-content\/uploads\/2022\/12\/CERTIFICACION-768x432-1-edited-1.png\" >\r\n                                <\/div>\r\n                                <div class=\"oxi-image-hover-figure-caption\">\r\n                                    <div class=\"oxi-image-hover-caption-tab   image-hover-align-center-left\">\r\n                                                                                    <h3 class=\"oxi-image-hover-heading iheu-fade-up  \">Gestores Autorizados<\/h3>\r\n                                                                                            <div class=\"oxi-image-hover-content iheu-fade-up \">Certificaci\u00f3n de disposici\u00f3n final.<\/div>\r\n                                                                                <\/div>\r\n                                <\/div>\r\n                            <\/div>\r\n                                                        <\/a>\r\n                                                <\/div>\r\n                <\/div>             <\/div>\r\n                            <\/div>\r\n            <\/div>\r\n        \n\n\n\n<div class=\"wp-block-buttons is-content-justification-center is-layout-flex wp-container-core-buttons-is-layout-1 wp-block-buttons-is-layout-flex\">\n<div class=\"wp-block-button is-style-fill\"><a class=\"wp-block-button__link has-white-color has-text-color has-background wp-element-button\" href=\"https:\/\/omegasambi.com\/index.php\/cotizacion\/\" style=\"background:linear-gradient(135deg,rgb(254,205,165) 0%,rgb(254,45,45) 24%,rgb(107,0,62) 100%)\" rel=\"https:\/\/omegasambi.com\/index.php\/cotizacion\/\">Cotizar<\/a><\/div>\n<\/div>\n","protected":false},"excerpt":{"rendered":"<p>Pozos s\u00e9pticos y Trampas de grasas. Lavado, Succi\u00f3n, Limpieza, Ductos, Gesti\u00f3n y Construcci\u00f3n Aseo y lavado industrial. Tratamiento, aprovechamiento&nbsp;y&nbsp;disposici\u00f3n final de residuos.<\/p>\n","protected":false},"author":1,"featured_media":0,"parent":0,"menu_order":0,"comment_status":"closed","ping_status":"closed","template":"","meta":{"_joinchat":[],"footnotes":""},"class_list":["post-6","page","type-page","status-publish","hentry"],"_links":{"self":[{"href":"https:\/\/omegasambi.com\/index.php\/wp-json\/wp\/v2\/pages\/6"}],"collection":[{"href":"https:\/\/omegasambi.com\/index.php\/wp-json\/wp\/v2\/pages"}],"about":[{"href":"https:\/\/omegasambi.com\/index.php\/wp-json\/wp\/v2\/types\/page"}],"author":[{"embeddable":true,"href":"https:\/\/omegasambi.com\/index.php\/wp-json\/wp\/v2\/users\/1"}],"replies":[{"embeddable":true,"href":"https:\/\/omegasambi.com\/index.php\/wp-json\/wp\/v2\/comments?post=6"}],"version-history":[{"count":8,"href":"https:\/\/omegasambi.com\/index.php\/wp-json\/wp\/v2\/pages\/6\/revisions"}],"predecessor-version":[{"id":130,"href":"https:\/\/omegasambi.com\/index.php\/wp-json\/wp\/v2\/pages\/6\/revisions\/130"}],"wp:attachment":[{"href":"https:\/\/omegasambi.com\/index.php\/wp-json\/wp\/v2\/media?parent=6"}],"curies":[{"name":"wp","href":"https:\/\/api.w.org\/{rel}","templated":true}]}}